{"id":8,"date":"2025-03-16T12:44:50","date_gmt":"2025-03-16T12:44:50","guid":{"rendered":"https:\/\/www.yjforge.fi\/blog\/?page_id=8"},"modified":"2025-12-04T20:45:09","modified_gmt":"2025-12-04T20:45:09","slug":"takotyot","status":"publish","type":"page","link":"https:\/\/www.yjforge.fi\/blog\/takotyot\/","title":{"rendered":"Takoty\u00f6t"},"content":{"rendered":"\n<figure class=\"wp-block-gallery has-nested-images columns-default is-cropped wp-block-gallery-1 is-layout-flex wp-block-gallery-is-layout-flex\">\n<figure class=\"wp-block-image size-large\"><img loading=\"lazy\" decoding=\"async\" width=\"1024\" height=\"1024\" data-id=\"44\" src=\"https:\/\/www.yjforge.fi\/blog\/wp-content\/uploads\/2025\/03\/Screenshot_20250316-1146032-1024x1024.png\" alt=\"\" class=\"wp-image-44\" srcset=\"https:\/\/www.yjforge.fi\/blog\/wp-content\/uploads\/2025\/03\/Screenshot_20250316-1146032-1024x1024.png 1024w, https:\/\/www.yjforge.fi\/blog\/wp-content\/uploads\/2025\/03\/Screenshot_20250316-1146032-300x300.png 300w, https:\/\/www.yjforge.fi\/blog\/wp-content\/uploads\/2025\/03\/Screenshot_20250316-1146032-150x150.png 150w, https:\/\/www.yjforge.fi\/blog\/wp-content\/uploads\/2025\/03\/Screenshot_20250316-1146032-768x767.png 768w, https:\/\/www.yjforge.fi\/blog\/wp-content\/uploads\/2025\/03\/Screenshot_20250316-1146032.png 1080w\" sizes=\"auto, (max-width: 1024px) 100vw, 1024px\" \/><\/figure>\n\n\n\n<figure class=\"wp-block-image size-large\"><img loading=\"lazy\" decoding=\"async\" width=\"582\" height=\"1024\" data-id=\"43\" src=\"https:\/\/www.yjforge.fi\/blog\/wp-content\/uploads\/2025\/03\/Screenshot_20250316-114703-582x1024.png\" alt=\"\" class=\"wp-image-43\" srcset=\"https:\/\/www.yjforge.fi\/blog\/wp-content\/uploads\/2025\/03\/Screenshot_20250316-114703-582x1024.png 582w, https:\/\/www.yjforge.fi\/blog\/wp-content\/uploads\/2025\/03\/Screenshot_20250316-114703-171x300.png 171w, https:\/\/www.yjforge.fi\/blog\/wp-content\/uploads\/2025\/03\/Screenshot_20250316-114703.png 760w\" sizes=\"auto, (max-width: 582px) 100vw, 582px\" \/><\/figure>\n<\/figure>\n\n\n\n<p>Kehit\u00e4n kengitysten ohessa my\u00f6s sep\u00e4npalveluita. Pajani sijaitsee L\u00e4yli\u00e4isiss\u00e4. Olen suorittanut vuoden mittaisen takoraudasta tuotteeksi -kurssin sek\u00e4 sep\u00e4n ammattitutkinnon Rasekolla 2023-2025. Taontataitoja olen kuitenkin kartuttanut jo l\u00e4hemm\u00e4s 15 vuotta.<\/p>\n\n\n\n<p>T\u00e4ll\u00e4 hetkell\u00e4 keskityn enimm\u00e4kseen sisustuspainoitteisiin tuotteisiin valmiiden tuotteiden valikoimassa, tilaust\u00f6it\u00e4 voi tiedustella erikseen. p.045-1251747<\/p>\n\n\n\n<p>Minut voi l\u00f6yt\u00e4\u00e4 silloin t\u00e4ll\u00f6in my\u00f6s markkinoilta. <\/p>\n\n\n\n<p>Takot\u00f6it\u00e4ni voit seurata parhaiten Instagramissa <a href=\"https:\/\/www.instagram.com\/yjforge\/\">https:\/\/www.instagram.com\/yjforge\/<\/a><\/p>\n\n\n\n\n\n<figure class=\"wp-block-image size-large\"><img loading=\"lazy\" decoding=\"async\" width=\"781\" height=\"1024\" src=\"https:\/\/www.yjforge.fi\/blog\/wp-content\/uploads\/2025\/06\/IMG_20250615_1556249512-781x1024.jpg\" alt=\"\" class=\"wp-image-79\" srcset=\"https:\/\/www.yjforge.fi\/blog\/wp-content\/uploads\/2025\/06\/IMG_20250615_1556249512-781x1024.jpg 781w, https:\/\/www.yjforge.fi\/blog\/wp-content\/uploads\/2025\/06\/IMG_20250615_1556249512-229x300.jpg 229w, https:\/\/www.yjforge.fi\/blog\/wp-content\/uploads\/2025\/06\/IMG_20250615_1556249512-768x1007.jpg 768w, https:\/\/www.yjforge.fi\/blog\/wp-content\/uploads\/2025\/06\/IMG_20250615_1556249512-1172x1536.jpg 1172w, https:\/\/www.yjforge.fi\/blog\/wp-content\/uploads\/2025\/06\/IMG_20250615_1556249512-1563x2048.jpg 1563w, https:\/\/www.yjforge.fi\/blog\/wp-content\/uploads\/2025\/06\/IMG_20250615_1556249512-scaled.jpg 1953w\" sizes=\"auto, (max-width: 781px) 100vw, 781px\" \/><\/figure>\n\n\n\n<figure class=\"wp-block-image size-large\"><img loading=\"lazy\" decoding=\"async\" width=\"771\" height=\"1024\" src=\"https:\/\/www.yjforge.fi\/blog\/wp-content\/uploads\/2025\/06\/IMG_20250615_155711867-771x1024.jpg\" alt=\"\" class=\"wp-image-80\" srcset=\"https:\/\/www.yjforge.fi\/blog\/wp-content\/uploads\/2025\/06\/IMG_20250615_155711867-771x1024.jpg 771w, https:\/\/www.yjforge.fi\/blog\/wp-content\/uploads\/2025\/06\/IMG_20250615_155711867-226x300.jpg 226w, https:\/\/www.yjforge.fi\/blog\/wp-content\/uploads\/2025\/06\/IMG_20250615_155711867-768x1020.jpg 768w, https:\/\/www.yjforge.fi\/blog\/wp-content\/uploads\/2025\/06\/IMG_20250615_155711867-1157x1536.jpg 1157w, https:\/\/www.yjforge.fi\/blog\/wp-content\/uploads\/2025\/06\/IMG_20250615_155711867-1542x2048.jpg 1542w, https:\/\/www.yjforge.fi\/blog\/wp-content\/uploads\/2025\/06\/IMG_20250615_155711867-scaled.jpg 1928w\" sizes=\"auto, (max-width: 771px) 100vw, 771px\" \/><\/figure>\n","protected":false},"excerpt":{"rendered":"<p>Kehit\u00e4n kengitysten ohessa my\u00f6s sep\u00e4npalveluita. Pajani sijaitsee L\u00e4yli\u00e4isiss\u00e4. Olen suorittanut vuoden mittaisen takoraudasta tuotteeksi -kurssin sek\u00e4 sep\u00e4n ammattitutkinnon Rasekolla 2023-2025. Taontataitoja olen kuitenkin kartuttanut jo l\u00e4hemm\u00e4s 15 vuotta. T\u00e4ll\u00e4 hetkell\u00e4 keskityn enimm\u00e4kseen sisustuspainoitteisiin tuotteisiin valmiiden tuotteiden valikoimassa, tilaust\u00f6it\u00e4 voi tiedustella &hellip; <a href=\"https:\/\/www.yjforge.fi\/blog\/takotyot\/\">Lue loppuun <span class=\"meta-nav\">&rarr;<\/span><\/a><\/p>\n","protected":false},"author":1,"featured_media":0,"parent":0,"menu_order":0,"comment_status":"closed","ping_status":"closed","template":"","meta":{"footnotes":""},"class_list":["post-8","page","type-page","status-publish","hentry"],"_links":{"self":[{"href":"https:\/\/www.yjforge.fi\/blog\/wp-json\/wp\/v2\/pages\/8","targetHints":{"allow":["GET"]}}],"collection":[{"href":"https:\/\/www.yjforge.fi\/blog\/wp-json\/wp\/v2\/pages"}],"about":[{"href":"https:\/\/www.yjforge.fi\/blog\/wp-json\/wp\/v2\/types\/page"}],"author":[{"embeddable":true,"href":"https:\/\/www.yjforge.fi\/blog\/wp-json\/wp\/v2\/users\/1"}],"replies":[{"embeddable":true,"href":"https:\/\/www.yjforge.fi\/blog\/wp-json\/wp\/v2\/comments?post=8"}],"version-history":[{"count":8,"href":"https:\/\/www.yjforge.fi\/blog\/wp-json\/wp\/v2\/pages\/8\/revisions"}],"predecessor-version":[{"id":98,"href":"https:\/\/www.yjforge.fi\/blog\/wp-json\/wp\/v2\/pages\/8\/revisions\/98"}],"wp:attachment":[{"href":"https:\/\/www.yjforge.fi\/blog\/wp-json\/wp\/v2\/media?parent=8"}],"curies":[{"name":"wp","href":"https:\/\/api.w.org\/{rel}","templated":true}]}}