{"id":10,"date":"2025-03-16T12:44:50","date_gmt":"2025-03-16T12:44:50","guid":{"rendered":"https:\/\/www.yjforge.fi\/blog\/?page_id=10"},"modified":"2025-11-16T19:48:31","modified_gmt":"2025-11-16T19:48:31","slug":"kengitykset","status":"publish","type":"page","link":"https:\/\/www.yjforge.fi\/blog\/kengitykset\/","title":{"rendered":"Kengitykset"},"content":{"rendered":"\n<p>Tarjoan kengitys- ja kavionhoitopalveluita Pirkanmaan ja Kanta-H\u00e4meen alueella.<\/p>\n\n\n\n<figure class=\"wp-block-gallery has-nested-images columns-default is-cropped wp-block-gallery-1 is-layout-flex wp-block-gallery-is-layout-flex\">\n<figure class=\"wp-block-image size-large\"><img loading=\"lazy\" decoding=\"async\" width=\"708\" height=\"1024\" data-id=\"53\" src=\"https:\/\/www.yjforge.fi\/blog\/wp-content\/uploads\/2025\/03\/Screenshot_20250316-122305-708x1024.png\" alt=\"\" class=\"wp-image-53\" srcset=\"https:\/\/www.yjforge.fi\/blog\/wp-content\/uploads\/2025\/03\/Screenshot_20250316-122305-708x1024.png 708w, https:\/\/www.yjforge.fi\/blog\/wp-content\/uploads\/2025\/03\/Screenshot_20250316-122305-207x300.png 207w, https:\/\/www.yjforge.fi\/blog\/wp-content\/uploads\/2025\/03\/Screenshot_20250316-122305-768x1111.png 768w, https:\/\/www.yjforge.fi\/blog\/wp-content\/uploads\/2025\/03\/Screenshot_20250316-122305.png 843w\" sizes=\"auto, (max-width: 708px) 100vw, 708px\" \/><\/figure>\n\n\n\n<figure class=\"wp-block-image size-large\"><img loading=\"lazy\" decoding=\"async\" width=\"1024\" height=\"651\" data-id=\"50\" src=\"https:\/\/www.yjforge.fi\/blog\/wp-content\/uploads\/2025\/03\/Screenshot_20250316-121058-1024x651.png\" alt=\"\" class=\"wp-image-50\" srcset=\"https:\/\/www.yjforge.fi\/blog\/wp-content\/uploads\/2025\/03\/Screenshot_20250316-121058-1024x651.png 1024w, https:\/\/www.yjforge.fi\/blog\/wp-content\/uploads\/2025\/03\/Screenshot_20250316-121058-300x191.png 300w, https:\/\/www.yjforge.fi\/blog\/wp-content\/uploads\/2025\/03\/Screenshot_20250316-121058-768x489.png 768w, https:\/\/www.yjforge.fi\/blog\/wp-content\/uploads\/2025\/03\/Screenshot_20250316-121058.png 1080w\" sizes=\"auto, (max-width: 1024px) 100vw, 1024px\" \/><\/figure>\n\n\n\n<figure class=\"wp-block-image size-large\"><img loading=\"lazy\" decoding=\"async\" width=\"743\" height=\"1024\" data-id=\"54\" src=\"https:\/\/www.yjforge.fi\/blog\/wp-content\/uploads\/2025\/03\/Screenshot_20250316-122413-743x1024.png\" alt=\"\" class=\"wp-image-54\" srcset=\"https:\/\/www.yjforge.fi\/blog\/wp-content\/uploads\/2025\/03\/Screenshot_20250316-122413-743x1024.png 743w, https:\/\/www.yjforge.fi\/blog\/wp-content\/uploads\/2025\/03\/Screenshot_20250316-122413-218x300.png 218w, https:\/\/www.yjforge.fi\/blog\/wp-content\/uploads\/2025\/03\/Screenshot_20250316-122413-768x1059.png 768w, https:\/\/www.yjforge.fi\/blog\/wp-content\/uploads\/2025\/03\/Screenshot_20250316-122413.png 1027w\" sizes=\"auto, (max-width: 743px) 100vw, 743px\" \/><\/figure>\n\n\n\n<figure class=\"wp-block-image size-large\"><img loading=\"lazy\" decoding=\"async\" width=\"746\" height=\"1024\" data-id=\"47\" src=\"https:\/\/www.yjforge.fi\/blog\/wp-content\/uploads\/2025\/03\/Screenshot_20250316-120956-746x1024.png\" alt=\"\" class=\"wp-image-47\" srcset=\"https:\/\/www.yjforge.fi\/blog\/wp-content\/uploads\/2025\/03\/Screenshot_20250316-120956-746x1024.png 746w, https:\/\/www.yjforge.fi\/blog\/wp-content\/uploads\/2025\/03\/Screenshot_20250316-120956-218x300.png 218w, https:\/\/www.yjforge.fi\/blog\/wp-content\/uploads\/2025\/03\/Screenshot_20250316-120956-768x1055.png 768w, https:\/\/www.yjforge.fi\/blog\/wp-content\/uploads\/2025\/03\/Screenshot_20250316-120956.png 1080w\" sizes=\"auto, (max-width: 746px) 100vw, 746px\" \/><\/figure>\n\n\n\n<figure class=\"wp-block-image size-large\"><img loading=\"lazy\" decoding=\"async\" width=\"867\" height=\"1024\" data-id=\"51\" src=\"http:\/\/www.yjforge.fi\/blog\/wp-content\/uploads\/2025\/03\/Screenshot_20250316-121137-867x1024.png\" alt=\"\" class=\"wp-image-51\" srcset=\"https:\/\/www.yjforge.fi\/blog\/wp-content\/uploads\/2025\/03\/Screenshot_20250316-121137-867x1024.png 867w, https:\/\/www.yjforge.fi\/blog\/wp-content\/uploads\/2025\/03\/Screenshot_20250316-121137-254x300.png 254w, https:\/\/www.yjforge.fi\/blog\/wp-content\/uploads\/2025\/03\/Screenshot_20250316-121137-768x907.png 768w, https:\/\/www.yjforge.fi\/blog\/wp-content\/uploads\/2025\/03\/Screenshot_20250316-121137.png 1080w\" sizes=\"auto, (max-width: 867px) 100vw, 867px\" \/><\/figure>\n\n\n\n<figure class=\"wp-block-image size-large\"><img loading=\"lazy\" decoding=\"async\" width=\"793\" height=\"1024\" data-id=\"48\" src=\"https:\/\/www.yjforge.fi\/blog\/wp-content\/uploads\/2025\/03\/Screenshot_20250316-121014-793x1024.png\" alt=\"\" class=\"wp-image-48\" srcset=\"https:\/\/www.yjforge.fi\/blog\/wp-content\/uploads\/2025\/03\/Screenshot_20250316-121014-793x1024.png 793w, https:\/\/www.yjforge.fi\/blog\/wp-content\/uploads\/2025\/03\/Screenshot_20250316-121014-232x300.png 232w, https:\/\/www.yjforge.fi\/blog\/wp-content\/uploads\/2025\/03\/Screenshot_20250316-121014-768x992.png 768w, https:\/\/www.yjforge.fi\/blog\/wp-content\/uploads\/2025\/03\/Screenshot_20250316-121014.png 819w\" sizes=\"auto, (max-width: 793px) 100vw, 793px\" \/><\/figure>\n<\/figure>\n\n\n\n<p>Olen kengitt\u00e4nyt vuodesta 2012 asti. Luotan suuresti hyv\u00e4\u00e4n perusty\u00f6h\u00f6n, mutta minulta onnistuu my\u00f6s vaativammatkin kengitykset.<\/p>\n\n\n\n<p>Urani alkupuolen kilpailin aktiivisesti kengityksess\u00e4, ja vuonna 2017 voitin suomenmestaruuden. Minulle kilpailemisessa t\u00e4rkeint\u00e4 on aina ollut oppia lis\u00e4\u00e4 taitoja, joita voin hy\u00f6dynt\u00e4\u00e4 asiakkaideni kanssa. Oppia tuli haettua alan kansainv\u00e4liselt\u00e4 parhaimmistolta. Nyky\u00e4\u00e4n taonkin mahdollisuuksien mukaan yksil\u00f6lliset k\u00e4sintehdyt keng\u00e4t vakiasiakkailleni hevosen tarpeet huomioiden. <\/p>\n\n\n\n<p>Toivoisin voivani my\u00f6s jakaa saamaani oppia eteenp\u00e4in. Olen j\u00e4rjest\u00e4nyt useita kouluttajia Suomeen, ja itsekin silloin t\u00e4ll\u00f6in pid\u00e4n luentoja tai opetan seppi\u00e4. Voit tiedustella luentoja. Haaveenani on saada isot kurssitilat, miss\u00e4 on helppo j\u00e4rjest\u00e4\u00e4 niin isompia koulutuksia kuin pienryhm\u00e4opetustakin. <\/p>\n\n\n\n<p>Olen erikoistunut my\u00f6s varsojen jalka-asentokorjauksiin. Pid\u00e4n ennaltaehk\u00e4isy\u00e4 j\u00e4rkev\u00e4mp\u00e4n\u00e4 kuin sairauksien hoitoa, ja moni ongelma j\u00e4isi kokonaan syntym\u00e4tt\u00e4, jos pit\u00e4isimme varsojen ja nuorten hevosten kavioista parempaa huolta. Varsojen kavioiden hoito tulisi aloittaa viimeist\u00e4\u00e4n 1 kk i\u00e4ss\u00e4.<\/p>\n\n\n\n<figure class=\"wp-block-gallery has-nested-images columns-default is-cropped wp-block-gallery-2 is-layout-flex wp-block-gallery-is-layout-flex\">\n<figure class=\"wp-block-image size-large\"><img loading=\"lazy\" decoding=\"async\" width=\"575\" height=\"583\" data-id=\"64\" src=\"https:\/\/www.yjforge.fi\/blog\/wp-content\/uploads\/2025\/03\/Screenshot_20250316-1208072.png\" alt=\"\" class=\"wp-image-64\" srcset=\"https:\/\/www.yjforge.fi\/blog\/wp-content\/uploads\/2025\/03\/Screenshot_20250316-1208072.png 575w, https:\/\/www.yjforge.fi\/blog\/wp-content\/uploads\/2025\/03\/Screenshot_20250316-1208072-296x300.png 296w\" sizes=\"auto, (max-width: 575px) 100vw, 575px\" \/><\/figure>\n\n\n\n<figure class=\"wp-block-image size-large\"><img loading=\"lazy\" decoding=\"async\" width=\"757\" height=\"1024\" data-id=\"65\" src=\"https:\/\/www.yjforge.fi\/blog\/wp-content\/uploads\/2025\/03\/Screenshot_20250316-232053-757x1024.png\" alt=\"\" class=\"wp-image-65\" srcset=\"https:\/\/www.yjforge.fi\/blog\/wp-content\/uploads\/2025\/03\/Screenshot_20250316-232053-757x1024.png 757w, https:\/\/www.yjforge.fi\/blog\/wp-content\/uploads\/2025\/03\/Screenshot_20250316-232053-222x300.png 222w, https:\/\/www.yjforge.fi\/blog\/wp-content\/uploads\/2025\/03\/Screenshot_20250316-232053-768x1039.png 768w, https:\/\/www.yjforge.fi\/blog\/wp-content\/uploads\/2025\/03\/Screenshot_20250316-232053.png 1065w\" sizes=\"auto, (max-width: 757px) 100vw, 757px\" \/><\/figure>\n<\/figure>\n\n\n\n<p>Hyv\u00e4n ty\u00f6nlaadun varmistamiseksi, huomioitahan, ett\u00e4 kengityspaikan tulee olla riitt\u00e4v\u00e4n tilava ja valoisa, alustan tasainen ja pit\u00e4v\u00e4, ja l\u00e4mp\u00f6tila talvella v\u00e4hint\u00e4\u00e4n nollan asteen tienoilla. Puhdistathan mutaiset jalat ja kaviot kurakeleill\u00e4 etuk\u00e4teen esimerkiksi pyyhkeell\u00e4, jotta ty\u00f6kaluni pysyv\u00e4t kunnossa. Hevosen tulee olla opetettu jalkojen nostamiseen, ja maksupuoli on my\u00f6s hoidettava asiallisesti.<\/p>\n\n\n\n<p><\/p>\n\n\n\n<p class=\"has-text-align-center\"><strong>Hinnasto, sis. alv 25,5 %<\/strong><\/p>\n\n\n\n<p class=\"has-text-align-center\">Kes\u00e4kengitys alkaen 131,58 e<\/p>\n\n\n\n<p class=\"has-text-align-center\">Talvikengitys 4 hokilla alkaen 150 e <\/p>\n\n\n\n<p class=\"has-text-align-center\">Vuolut 45 e <\/p>\n\n\n\n<figure class=\"wp-block-image size-large\"><img loading=\"lazy\" decoding=\"async\" width=\"1024\" height=\"646\" src=\"http:\/\/www.yjforge.fi\/blog\/wp-content\/uploads\/2025\/03\/Screenshot_20250316-121051-1024x646.png\" alt=\"\" class=\"wp-image-49\" srcset=\"https:\/\/www.yjforge.fi\/blog\/wp-content\/uploads\/2025\/03\/Screenshot_20250316-121051-1024x646.png 1024w, https:\/\/www.yjforge.fi\/blog\/wp-content\/uploads\/2025\/03\/Screenshot_20250316-121051-300x189.png 300w, https:\/\/www.yjforge.fi\/blog\/wp-content\/uploads\/2025\/03\/Screenshot_20250316-121051-768x485.png 768w, https:\/\/www.yjforge.fi\/blog\/wp-content\/uploads\/2025\/03\/Screenshot_20250316-121051.png 1049w\" sizes=\"auto, (max-width: 1024px) 100vw, 1024px\" \/><\/figure>\n","protected":false},"excerpt":{"rendered":"<p>Tarjoan kengitys- ja kavionhoitopalveluita Pirkanmaan ja Kanta-H\u00e4meen alueella. Olen kengitt\u00e4nyt vuodesta 2012 asti. Luotan suuresti hyv\u00e4\u00e4n perusty\u00f6h\u00f6n, mutta minulta onnistuu my\u00f6s vaativammatkin kengitykset. Urani alkupuolen kilpailin aktiivisesti kengityksess\u00e4, ja vuonna 2017 voitin suomenmestaruuden. Minulle kilpailemisessa t\u00e4rkeint\u00e4 on aina ollut oppia &hellip; <a href=\"https:\/\/www.yjforge.fi\/blog\/kengitykset\/\">Lue loppuun <span class=\"meta-nav\">&rarr;<\/span><\/a><\/p>\n","protected":false},"author":1,"featured_media":0,"parent":0,"menu_order":0,"comment_status":"closed","ping_status":"closed","template":"","meta":{"footnotes":""},"class_list":["post-10","page","type-page","status-publish","hentry"],"_links":{"self":[{"href":"https:\/\/www.yjforge.fi\/blog\/wp-json\/wp\/v2\/pages\/10","targetHints":{"allow":["GET"]}}],"collection":[{"href":"https:\/\/www.yjforge.fi\/blog\/wp-json\/wp\/v2\/pages"}],"about":[{"href":"https:\/\/www.yjforge.fi\/blog\/wp-json\/wp\/v2\/types\/page"}],"author":[{"embeddable":true,"href":"https:\/\/www.yjforge.fi\/blog\/wp-json\/wp\/v2\/users\/1"}],"replies":[{"embeddable":true,"href":"https:\/\/www.yjforge.fi\/blog\/wp-json\/wp\/v2\/comments?post=10"}],"version-history":[{"count":6,"href":"https:\/\/www.yjforge.fi\/blog\/wp-json\/wp\/v2\/pages\/10\/revisions"}],"predecessor-version":[{"id":93,"href":"https:\/\/www.yjforge.fi\/blog\/wp-json\/wp\/v2\/pages\/10\/revisions\/93"}],"wp:attachment":[{"href":"https:\/\/www.yjforge.fi\/blog\/wp-json\/wp\/v2\/media?parent=10"}],"curies":[{"name":"wp","href":"https:\/\/api.w.org\/{rel}","templated":true}]}}